{"id":170,"date":"2025-01-07T12:22:20","date_gmt":"2025-01-07T11:22:20","guid":{"rendered":"https:\/\/instaljet.com\/?page_id=170"},"modified":"2025-01-16T16:48:25","modified_gmt":"2025-01-16T15:48:25","slug":"politica-de-cookies","status":"publish","type":"page","link":"https:\/\/www.instaljet.com\/es\/politica-de-cookies\/","title":{"rendered":"Pol\u00edtica de Cookies"},"content":{"rendered":"<div data-elementor-type=\"wp-page\" data-elementor-id=\"170\" class=\"elementor elementor-170\">\n\t\t\t\t<div class=\"elementor-element elementor-element-be4fe90 e-flex e-con-boxed e-con e-parent\" data-id=\"be4fe90\" data-element_type=\"container\">\n\t\t\t\t\t<div class=\"e-con-inner\">\n\t\t\t\t<div class=\"elementor-element elementor-element-227c07a elementor-widget elementor-widget-text-editor\" data-id=\"227c07a\" data-element_type=\"widget\" data-widget_type=\"text-editor.default\">\n\t\t\t\t<div class=\"elementor-widget-container\">\n\t\t\t\t\t\t\t\t\t<p align=\"justify\">Conformement al que disposa l&#8217;article 22.2 de la Llei 34\/2002, d&#8217;11 de juliol, de Serveis de la Societat de la Informaci\u00f3 i de Comer\u00e7 Electr\u00f2nic (LSSI-CE) vigent, INSTAL JET TORELL\u00d3 SL ha de complir amb l&#8217;obligaci\u00f3 d&#8217;informar sobre les galetes que utilitza i les seves finalitats.<\/p><p>Aquest lloc web utilitza galetes i\/o tecnologies similars que emmagatzemen i recuperen informaci\u00f3 quan navegues. Les cookies permeten a una p\u00e0gina web, entre altres coses, emmagatzemar i recuperar informaci\u00f3 sobre els h\u00e0bits de navegaci\u00f3 d&#8217;un Usuari o del vostre equip i, depenent de la informaci\u00f3 que contingui i de la manera com utilitzeu el vostre equip, es poden utilitzar per recon\u00e8ixer a l&#8217;Usuari.<\/p><p>Les cookies s\u00f3n essencials per al funcionament d&#8217;internet, aportant innombrables avantatges en la prestaci\u00f3 de serveis interactius, facilitant a l&#8217;usuari la navegaci\u00f3 i la usabilitat de la nostra web.<\/p><p>L&#8217;usuari pot modificar la configuraci\u00f3 personalitzada AQUI<\/p><p>La informaci\u00f3 que us proporcionem a continuaci\u00f3, us ajudar\u00e0 a comprendre els diferents tipus de cookies:<\/p><p><b>COOKIES PR\u00d2PIES<\/b><\/p><p>S\u00f3n les que s&#8217;envien a l&#8217;equip terminal de l&#8217;usuari des d&#8217;un equip o domini gestionat pel mateix editor i des del qual es presta el servei sol\u00b7licitat per l&#8217;usuari, en aquest cas utilitzem:<\/p><p><b>&#8211; Cookie CookieControlPrefs:<\/b><br \/>La cookie &#8220;CookieConsent_Status&#8221; s&#8217;utilitza per guardar la informaci\u00f3 sobre les opcions seleccionades de la pol\u00edtica de cookies, t\u00e9 una validesa de un any.<\/p><p><b>COOKIES DE TERCERS:<\/b><\/p><p>S\u00f3n aquelles que s&#8217;envien a l&#8217;equip terminal de l&#8217;usuari des d&#8217;un equip o domini que no \u00e9s gestionat per l&#8217;editor, sin\u00f3 per una altra entitat que tracta les dades obtingudes a trav\u00e9s de les galetes. En aquest cas utilizem:<\/p><p><b>&#8211; Cookie NID:<\/b><br \/>La cookie &#8220;NID&#8221; s&#8217;utilitza per mostrar anuncis de Google als serveis de Google a usuaris que no tinguin la sessi\u00f3 iniciada, mentre que les galetes &#8220;ANID&#8221; i &#8220;IDE&#8221; s&#8217;utilitzen per mostrar anuncis de Google en llocs que no s\u00f3n de Google. Si heu habilitat els anuncis personalitzats, la galeta &#8220;ANID&#8221; s&#8217;utilitza per recordar aquest ajustament i t\u00e9 una durada de 13 mesos a l&#8217;Espai Econ\u00f2mic Europeu (EEE), Su\u00efssa i el Regne Unit, i 24 mesos als altres llocs. Si els heu desactivat, la galeta &#8220;ANID&#8221; s&#8217;usa per emmagatzemar aquest ajustament fins al 2030. La galeta &#8220;NID&#8221; caduca 6 mesos despr\u00e9s de l&#8217;\u00faltim \u00fas de l&#8217;usuari. La cookie &#8220;IDE&#8221; t\u00e9 una durada de 13 mesos a l&#8217;Espai Econ\u00f2mic Europeu (EEE), Su\u00efssa i el Regne Unit, i de 24 mesos als altres llocs.<\/p><p>Addicionalment, INSTAL JET TORELL\u00d3 SL informa de manera m\u00e9s detallada de les cookies que utilitza els seus titulars, l&#8217;\u00fas o finalitat concreta, els terminis de conservaci\u00f3 aix\u00ed com de les Transfer\u00e8ncies Internacionals de dades de cadascuna d&#8217;elles utilitzades a la nostra p\u00e0gina web:<\/p><p>Tingueu en compte que, si accepteu les galetes de tercers, les heu d&#8217;eliminar des de les opcions del navegador o des del sistema ofert pel mateix tercer.<\/p><p>A continuaci\u00f3 us proporcionem els enlla\u00e7os de diversos navegadors, a trav\u00e9s dels quals podreu modificar la configuraci\u00f3 del vostre navegador sobre l&#8217;\u00fas de cookies:<\/p><ul><li>Firefox des d&#8217;aqu\u00ed: http:\/\/support.mozilla.org\/es\/kb\/habilitar-y-deshabilitar-cookies-que-los-sitios-we<\/li><li>Chrome des d&#8217;aqu\u00ed: http:\/\/support.google.com\/chrome\/bin\/answer.py?hl=ca&amp;answer=95647<\/li><li>Explorer des d&#8217;aqu\u00ed: http:\/\/windows.microsoft.com\/es-es\/internet-explorer\/delete-manage-cookies#ie=ie-10<\/li><li>Safari des d&#8217;aqu\u00ed: https:\/\/support.apple.com\/kb\/ph17191?locale=ca_ES<\/li><li>Opera des d&#8217;aqu\u00ed: https:\/\/help.opera.com\/en\/latest\/web-preferences\/#cookies<\/li><\/ul><p>Per con\u00e8ixer m\u00e9s informaci\u00f3 sobre el tractament de dades personals, us recomanem visitar el nostre apartat \u201cPol\u00edtica de Privadesa\u201d.<\/p><p><b>\u00daLTIMA ACTUALITZACI\u00d3: 16 de gener de 2025<\/b><\/p>\t\t\t\t\t\t\t\t<\/div>\n\t\t\t\t<\/div>\n\t\t\t\t\t<\/div>\n\t\t\t\t<\/div>\n\t\t\t\t<\/div>","protected":false},"excerpt":{"rendered":"<p>Conformement al que disposa l&#8217;article 22.2 de la Llei 34\/2002, d&#8217;11 de juliol, de Serveis de la Societat de la Informaci\u00f3 i de Comer\u00e7 Electr\u00f2nic (LSSI-CE) vigent, INSTAL JET TORELL\u00d3 SL ha de complir amb l&#8217;obligaci\u00f3 d&#8217;informar sobre les galetes que utilitza i les seves finalitats. Aquest lloc web utilitza galetes i\/o tecnologies similars que [&hellip;]<\/p>","protected":false},"author":1,"featured_media":0,"parent":0,"menu_order":0,"comment_status":"closed","ping_status":"closed","template":"","meta":{"om_disable_all_campaigns":false,"_monsterinsights_skip_tracking":false,"_monsterinsights_sitenote_active":false,"_monsterinsights_sitenote_note":"","_monsterinsights_sitenote_category":0,"footnotes":""},"class_list":["post-170","page","type-page","status-publish","hentry"],"aioseo_notices":[],"_links":{"self":[{"href":"https:\/\/www.instaljet.com\/es\/wp-json\/wp\/v2\/pages\/170","targetHints":{"allow":["GET"]}}],"collection":[{"href":"https:\/\/www.instaljet.com\/es\/wp-json\/wp\/v2\/pages"}],"about":[{"href":"https:\/\/www.instaljet.com\/es\/wp-json\/wp\/v2\/types\/page"}],"author":[{"embeddable":true,"href":"https:\/\/www.instaljet.com\/es\/wp-json\/wp\/v2\/users\/1"}],"replies":[{"embeddable":true,"href":"https:\/\/www.instaljet.com\/es\/wp-json\/wp\/v2\/comments?post=170"}],"version-history":[{"count":7,"href":"https:\/\/www.instaljet.com\/es\/wp-json\/wp\/v2\/pages\/170\/revisions"}],"predecessor-version":[{"id":290,"href":"https:\/\/www.instaljet.com\/es\/wp-json\/wp\/v2\/pages\/170\/revisions\/290"}],"wp:attachment":[{"href":"https:\/\/www.instaljet.com\/es\/wp-json\/wp\/v2\/media?parent=170"}],"curies":[{"name":"wp","href":"https:\/\/api.w.org\/{rel}","templated":true}]}}