{"id":168,"date":"2025-01-07T12:21:58","date_gmt":"2025-01-07T11:21:58","guid":{"rendered":"https:\/\/instaljet.com\/?page_id=168"},"modified":"2025-01-16T16:47:23","modified_gmt":"2025-01-16T15:47:23","slug":"politica-de-privacitat","status":"publish","type":"page","link":"https:\/\/www.instaljet.com\/es\/politica-de-privacitat\/","title":{"rendered":"Pol\u00edtica de Privacidad"},"content":{"rendered":"<div data-elementor-type=\"wp-page\" data-elementor-id=\"168\" class=\"elementor elementor-168\">\n\t\t\t\t<div class=\"elementor-element elementor-element-ba8d8f3 e-flex e-con-boxed e-con e-parent\" data-id=\"ba8d8f3\" data-element_type=\"container\">\n\t\t\t\t\t<div class=\"e-con-inner\">\n\t\t\t\t<div class=\"elementor-element elementor-element-abf3a57 elementor-widget elementor-widget-text-editor\" data-id=\"abf3a57\" data-element_type=\"widget\" data-widget_type=\"text-editor.default\">\n\t\t\t\t<div class=\"elementor-widget-container\">\n\t\t\t\t\t\t\t\t\t<p align=\"justify\"><b>Dades del propietari de la web:<\/b><\/p><p><b>&#8211; RA\u00d3 SOCIAL:\u00a0<\/b> INSTAL JET TORELL\u00d3 SL<br \/><b>&#8211; NIF:\u00a0<\/b>\u00a0B60477692<br \/><b>&#8211; ADRE\u00c7A POSTAL:\u00a0<\/b>\u00a0PLA\u00c7A COLL I DORCA 1 08570, TORELLO (BARCELONA)<br \/><b>&#8211; ADRE\u00c7A ELECTR\u00d2NICA:\u00a0<\/b> info@instaljet.com<br \/><b>&#8211; TEL\u00c8FONS:\u00a0<\/b>\u00a0938590389<br \/><b>&#8211; REGISTRE MERCANTIL:\u00a0<\/b>\u00a0Tom: 26637, Foli: 103, Full Registral: B104913<br \/><b>&#8211; OBJECTE PRINCIPAL:\u00a0<\/b>\u00a0Serveis de calefacci\u00f3, climatitzaci\u00f3 i energia solar<\/p><p><b>Protecci\u00f3 de dades<\/b> De conformitat amb la normativa vigent i aplicable en protecci\u00f3 de dades de car\u00e0cter personal, us informem que les vostres dades seran incorporades al sistema de tractament titularitat de INSTAL JET TORELL\u00d3 SL amb NIF B60477692 i domicili social situat a PLA\u00c7A COLL I DORCA 1 08570, TORELLO (BARCELONA ), i que a continuaci\u00f3 es relacionen les seves respectives finalitats, terminis de conservaci\u00f3 i bases legitimadores. Per a aquells tractaments que ho requereixin, s&#8217;informa tamb\u00e9 de la possible elaboraci\u00f3 de perfils i decisions automatitzades, aix\u00ed com de les possibles cessions i les transfer\u00e8ncies internacionals que INSTAL JET TORELL\u00d3 SL t\u00e9 previst realitzar:<\/p><p><b>TRACTAMENTS REALITZATS<\/b><\/p><p><b>&#8211; Gesti\u00f3 de la p\u00e0gina web<\/b><\/p><ul><li><b>Finalitat:<\/b>\u00a0Tractament i gesti\u00f3 de les dades necess\u00e0ries per a la funcionalitat de la p\u00e0gina web<\/li><li><b>Termini de conservaci\u00f3:<\/b>\u00a0mentre perduri el consentiment prestat<\/li><li><b>Base leg\u00edtima:<\/b>\u00a0El consentiment de linteressat<\/li><li><b>Tipologia de Dades:<\/b>\u00a0Dades merament identificatives<\/li><li><b>Cessions:<\/b>\u00a0No es preveuen<\/li><li><b>Transfer\u00e8ncies internacionals:<\/b>\u00a0No es preveuen<\/li><li><b>Elaboracions de perfils:<\/b>\u00a0No es preveuen<\/li><\/ul><p><b>&#8211; Formulari web<\/b><\/p><ul><li><b>Finalitat:<\/b>\u00a0Atendre les vostres consultes i\/o sol\u00b7licituds<\/li><li><b>Termini de conservaci\u00f3:<\/b>\u00a0mentre es mantingui el consentiment prestat.<\/li><li><b>Base leg\u00edtima:<\/b>\u00a0El consentiment de linteressat<\/li><li><b>Tipologia de Dades:<\/b>\u00a0Dades merament identificatives<\/li><li><b>Cessions:<\/b>\u00a0Cap<\/li><li><b>Transfer\u00e8ncies internacionals:<\/b>\u00a0No es preveuen<\/li><li><b>Elaboracions de perfils:<\/b>\u00a0No es preveuen<\/li><\/ul><p><b>&#8211; Gesti\u00f3 del compliment normatiu<\/b><\/p><ul><li><b>Finalitat:<\/b>\u00a0Gesti\u00f3 i tramitaci\u00f3 de les obligacions i deures que es derivin del compliment de la normativa a qu\u00e8 est\u00e0 subjecta l&#8217;entitat<\/li><li><b>Termini de conservaci\u00f3:<\/b>\u00a0conservaci\u00f3 de les c\u00f2pies dels documents fins que prescriguin les accions per reclamar-li una possible responsabilitat<\/li><li><b>Base leg\u00edtima:<\/b>\u00a0El compliment d&#8217;una llei<\/li><li><b>Tipologia de Dades:<\/b>\u00a0Dades merament identificatives<\/li><li><b>Cessions:<\/b>\u00a0les seves dades seran comunicades en cas de ser necessari a organismes i\/o administraci\u00f3 p\u00fablica amb compet\u00e8ncia en la mat\u00e8ria amb la finalitat de complir amb les obligacions establertes a la normativa aplicable. A m\u00e9s, s&#8217;informa que la base legitimadora de la cessi\u00f3 \u00e9s complir amb les obligacions establertes a la normativa aplicable<\/li><li><b>Transfer\u00e8ncies internacionals:<\/b>\u00a0No es preveuen<\/li><li><b>Elaboracions de perfils:<\/b>\u00a0No es preveuen<\/li><\/ul><p><b>&#8211; Accions Comercials<\/b><\/p><ul><li><b>Finalitat:<\/b>\u00a0Captaci\u00f3, registre i tractament de dades amb finalitats de publicitat i prospecci\u00f3 comercial dels nostres productes i\/o serveis<\/li><li><b>Termini de conservaci\u00f3:<\/b>\u00a0mentre es mantingui el consentiment prestat<\/li><li><b>Base leg\u00edtima:<\/b>\u00a0El consentiment de linteressat<\/li><li><b>Tipologia de Dades:<\/b>\u00a0Dades merament identificatives<\/li><li><b>Cessions:<\/b>\u00a0Cap<\/li><li><b>Transfer\u00e8ncies internacionals:<\/b>\u00a0No es preveuen<\/li><li><b>Elaboracions de perfils:<\/b>\u00a0No es preveuen<\/li><\/ul><p><b>Drets dels interessats<\/b><\/p><p>INSTAL JET TORELL\u00d3 SL informa als Usuaris que, podr\u00e0 exercir els drets d&#8217;acc\u00e9s, rectificaci\u00f3, limitaci\u00f3, supressi\u00f3, portabilitat i oposici\u00f3 al tractament de les seves dades de car\u00e0cter personal davant del Responsable del Tractament, aix\u00ed com a la retirada del consentiment prestat.<\/p><ul><li><b>Dret d&#8217;acc\u00e9s:<\/b>\u00a0\u00c9s el dret de l&#8217;usuari a obtenir informaci\u00f3 sobre les dades concretes de car\u00e0cter personal i del tractament que s&#8217;hagi realitzat o realitzi, aix\u00ed com de la informaci\u00f3 disponible sobre l&#8217;origen d&#8217;aquestes dades i les comunicacions realitzades o previstes mateixos.<\/li><li><b>Dret de Rectificaci\u00f3:<\/b> \u00c9s el dret de l&#8217;afectat que es modifiquin les dades que resultin ser inexactes o incompletes. Nom\u00e9s es podr\u00e0 satisfer en relaci\u00f3 amb aquella informaci\u00f3 que estigui sota el control de la INSTAL JET TORELL\u00d3 SL, per exemple, eliminar comentaris publicats a la pr\u00f2pia p\u00e0gina, imatges o continguts web on constin dades de car\u00e0cter personal de l&#8217;usuari.<\/li><li><b>Dret a la Limitaci\u00f3 de tractament:<\/b>\u00a0\u00c9s el dret que es limitin les finalitats del tractament previstes de forma original pel responsable del tractament.<\/li><li><b>Dret de Supressi\u00f3:<\/b>\u00a0\u00c9s el dret a suprimir les dades de car\u00e0cter personal de l&#8217;usuari, a excepci\u00f3 del que preveu el mateix RGPD o altres normatives aplicables que determinin l&#8217;obligatorietat de la seva conservaci\u00f3, en temps i forma.<\/li><li><b>Dret de portabilitat:<\/b>\u00a0El dret a rebre les dades personals que l&#8217;usuari hagi facilitat, en un format estructurat, d&#8217;\u00fas com\u00fa i de lectura mec\u00e0nica, ia transmetre&#8217;ls a un altre responsable.<\/li><li><b>Dret d&#8217;oposici\u00f3:<\/b> \u00c9s el dret de l&#8217;usuari a qu\u00e8 no es dugui a terme el tractament de les dades de car\u00e0cter personal o se&#8217;n cessi el tractament per part de la INSTAL JET TORELL\u00d3 SL.<\/li><\/ul><p>Per poder exercir qualsevol dels drets descrits anteriorment haur\u00e0 de complir els requisits seg\u00fcents:<\/p><ul><li>Presentaci\u00f3 d&#8217;un escrit a l&#8217;adre\u00e7a PLA\u00c7A COLL I DORCA 108570, TORELLO (BARCELONA) (a l&#8217;atenci\u00f3 de INSTAL JET TORELL\u00d3 SL) o b\u00e9 a trav\u00e9s del correu electr\u00f2nic info@instaljet.com.<\/li><li>L&#8217;escrit rem\u00e8s pel titular de les dades que sol\u00b7liciti l&#8217;exercici haur\u00e0 de complir els requisits legals seg\u00fcents:<\/li><\/ul><ol><li>&#8211; Nom, cognoms de l&#8217;interessat i c\u00f2pia del DNI\/NIE o qualsevol document identificatiu. En els casos excepcionals en qu\u00e8 s&#8217;admeti la representaci\u00f3, ser\u00e0 tamb\u00e9 necess\u00e0ria la identificaci\u00f3 pel mateix mitj\u00e0 de la persona que el representa, aix\u00ed com el document acreditatiu de la representaci\u00f3. La fotoc\u00f2pia del DNI podr\u00e0 ser substitu\u00efda sempre que la identitat s&#8217;acrediti per qualsevol altre mitj\u00e0 v\u00e0lid en dret.<\/li><li>&#8211; Petici\u00f3 en qu\u00e8 es concreta la sol\u00b7licitud. (Exercici en qu\u00e8 se sol\u00b7licita la informaci\u00f3 a la qual es vol accedir). Si no feu refer\u00e8ncia a un fitxer concret se us facilitar\u00e0 tota la informaci\u00f3 que es tingui amb les vostres dades de car\u00e0cter personal. Si sol\u00b7liciteu informaci\u00f3 d&#8217;un fitxer en concret, nom\u00e9s la informaci\u00f3 d&#8217;aquest fitxer. Si sol\u00b7licita informaci\u00f3 relativa a un tercer mai no es podr\u00e0 facilitar. Si ho demaneu per tel\u00e8fon se us indicar\u00e0 que ho feu per escrit i se us informar\u00e0 de com ho podeu fer i l&#8217;adre\u00e7a a la qual heu d&#8217;enviar-ho. Mai no se us donar\u00e0 informaci\u00f3 per tel\u00e8fon.<\/li><li>&#8211; Domicili a efectes de notificacions.<\/li><li>&#8211; Data i signatura del sol\u00b7licitant.<\/li><li>&#8211; Documents acreditatius de la petici\u00f3 que formula.<\/li><li>&#8211; L&#8217;interessat ha d&#8217;utilitzar qualsevol mitj\u00e0 que permeti acreditar l&#8217;enviament i la recepci\u00f3 de la sol\u00b7licitud.<\/li><\/ol><p>Finalment, us informem que vost\u00e8 t\u00e9 dret a presentar una reclamaci\u00f3 davant l&#8217;Ag\u00e8ncia Espanyola de Protecci\u00f3 de Dades en cas que en tingui coneixement o consideri que un fet pugui suposar un incompliment de la normativa aplicable en mat\u00e8ria de protecci\u00f3 de dades.<\/p><p>INSTAL JET TORELL\u00d3 SL es compromet a adoptar les mesures t\u00e8cniques i organitzatives necess\u00e0ries, d&#8217;acord amb el nivell de riscos que acompanyen els tractaments realitzats per aquestes i indicats a l&#8217;apartat dels termes i condicions d&#8217;\u00fas, de manera que garanteixin la seva integritat, confidencialitat i disponibilitat.<\/p><p><b>\u00daLTIMA ACTUALITZACI\u00d3: 16 de gener de 2025<\/b><\/p>\t\t\t\t\t\t\t\t<\/div>\n\t\t\t\t<\/div>\n\t\t\t\t\t<\/div>\n\t\t\t\t<\/div>\n\t\t\t\t<\/div>","protected":false},"excerpt":{"rendered":"<p>Dades del propietari de la web: &#8211; RA\u00d3 SOCIAL:\u00a0 INSTAL JET TORELL\u00d3 SL&#8211; NIF:\u00a0\u00a0B60477692&#8211; ADRE\u00c7A POSTAL:\u00a0\u00a0PLA\u00c7A COLL I DORCA 1 08570, TORELLO (BARCELONA)&#8211; ADRE\u00c7A ELECTR\u00d2NICA:\u00a0 info@instaljet.com&#8211; TEL\u00c8FONS:\u00a0\u00a0938590389&#8211; REGISTRE MERCANTIL:\u00a0\u00a0Tom: 26637, Foli: 103, Full Registral: B104913&#8211; OBJECTE PRINCIPAL:\u00a0\u00a0Serveis de calefacci\u00f3, climatitzaci\u00f3 i energia solar Protecci\u00f3 de dades De conformitat amb la normativa vigent i aplicable en [&hellip;]<\/p>","protected":false},"author":1,"featured_media":0,"parent":0,"menu_order":0,"comment_status":"closed","ping_status":"closed","template":"","meta":{"om_disable_all_campaigns":false,"_monsterinsights_skip_tracking":false,"_monsterinsights_sitenote_active":false,"_monsterinsights_sitenote_note":"","_monsterinsights_sitenote_category":0,"footnotes":""},"class_list":["post-168","page","type-page","status-publish","hentry"],"aioseo_notices":[],"_links":{"self":[{"href":"https:\/\/www.instaljet.com\/es\/wp-json\/wp\/v2\/pages\/168","targetHints":{"allow":["GET"]}}],"collection":[{"href":"https:\/\/www.instaljet.com\/es\/wp-json\/wp\/v2\/pages"}],"about":[{"href":"https:\/\/www.instaljet.com\/es\/wp-json\/wp\/v2\/types\/page"}],"author":[{"embeddable":true,"href":"https:\/\/www.instaljet.com\/es\/wp-json\/wp\/v2\/users\/1"}],"replies":[{"embeddable":true,"href":"https:\/\/www.instaljet.com\/es\/wp-json\/wp\/v2\/comments?post=168"}],"version-history":[{"count":13,"href":"https:\/\/www.instaljet.com\/es\/wp-json\/wp\/v2\/pages\/168\/revisions"}],"predecessor-version":[{"id":287,"href":"https:\/\/www.instaljet.com\/es\/wp-json\/wp\/v2\/pages\/168\/revisions\/287"}],"wp:attachment":[{"href":"https:\/\/www.instaljet.com\/es\/wp-json\/wp\/v2\/media?parent=168"}],"curies":[{"name":"wp","href":"https:\/\/api.w.org\/{rel}","templated":true}]}}