{"id":166,"date":"2025-01-07T12:21:38","date_gmt":"2025-01-07T11:21:38","guid":{"rendered":"https:\/\/instaljet.com\/?page_id=166"},"modified":"2025-01-22T16:27:36","modified_gmt":"2025-01-22T15:27:36","slug":"avis-legal","status":"publish","type":"page","link":"https:\/\/www.instaljet.com\/es\/avis-legal\/","title":{"rendered":"Aviso Legal"},"content":{"rendered":"<div data-elementor-type=\"wp-page\" data-elementor-id=\"166\" class=\"elementor elementor-166\">\n\t\t\t\t<div class=\"elementor-element elementor-element-de62fe2 e-flex e-con-boxed e-con e-parent\" data-id=\"de62fe2\" data-element_type=\"container\">\n\t\t\t\t\t<div class=\"e-con-inner\">\n\t\t\t\t<div class=\"elementor-element elementor-element-ddfabf3 elementor-widget elementor-widget-text-editor\" data-id=\"ddfabf3\" data-element_type=\"widget\" data-widget_type=\"text-editor.default\">\n\t\t\t\t<div class=\"elementor-widget-container\">\n\t\t\t\t\t\t\t\t\t<h3 class=\"slogan colored-text-1 mb-10px\"><span style=\"color: #46707f; font-size: 16px; text-align: var(--text-align);\">1.&nbsp;<\/span><b style=\"color: #46707f; font-size: 16px; text-align: var(--text-align);\">DADES IDENTIFICATIVES<\/b><\/h3>\n<p>En compliment de la Llei 34\/2002, de 11 de juliol, de Serveis de la Societat de la Informaci\u00f3 i de Comer\u00e7 Electr\u00f2nic (LSSI-CE), INSTAL JET TORELL\u00d3 SL informa que \u00e9s titular del lloc web. D&#8217;acord amb l&#8217;exig\u00e8ncia de l&#8217;article 10 de la Llei esmentada, INSTAL JET TORELL\u00d3 SL informa de les dades seg\u00fcents:<\/p>\n<p><b>&#8211; RA\u00d3 SOCIAL:&nbsp;<\/b> INSTAL JET TORELL\u00d3 SL<br><b>&#8211; NIF:&nbsp;<\/b>&nbsp;B60477692<br><b>&#8211; ADRE\u00c7A POSTAL:&nbsp;<\/b>&nbsp;PLA\u00c7A COLL I DORCA 1 08570, TORELLO (BARCELONA)<br><b>&#8211; ADRE\u00c7A ELECTR\u00d2NICA:&nbsp;<\/b> info@instaljet.com<br><b>&#8211; TEL\u00c8FONS:&nbsp;<\/b>&nbsp;938590389<br><b>&#8211; REGISTRE MERCANTIL:&nbsp;<\/b>&nbsp;Tom: 26637, Foli: 103, Full Registral: B104913<br><b>&#8211; OBJECTE PRINCIPAL:&nbsp;<\/b>&nbsp;Serveis de calefacci\u00f3, climatitzaci\u00f3 i energia solar<\/p>\n<p>2.&nbsp;<b>USUARI I R\u00c8GIM DE RESPONSABILITATS<\/b><\/p>\n<p>La navegaci\u00f3, acc\u00e9s i \u00fas pel lloc web de INSTAL JET TORELL\u00d3 SL confereix la condici\u00f3 d&#8217;usuari, per la qual s&#8217;accepten, des de la navegaci\u00f3 pel lloc web de INSTAL JET TORELL\u00d3 SL, totes les condicions d&#8217;\u00fas establertes aqu\u00ed sense perjudici de l&#8217;aplicaci\u00f3 de la corresponent normativa de compliment legal obligat segons el cas. El lloc web de INSTAL JET TORELL\u00d3 SL proporciona una gran diversitat d&#8217;informaci\u00f3, serveis i dades. L&#8217;usuari assumeix la responsabilitat en l&#8217;\u00fas correcte del lloc web. Aquesta responsabilitat s&#8217;estendr\u00e0 a:<\/p>\n<ul>\n<li>La veracitat i licitud de les informacions aportades per l&#8217;usuari als formularis estesos per INSTAL JET TORELL\u00d3 SL per a l&#8217;acc\u00e9s a certs continguts o serveis oferts pel web.<\/li>\n<li>L&#8217;\u00fas de la informaci\u00f3, serveis i dades ofertes per INSTAL JET TORELL\u00d3 SL contr\u00e0riament al que disposen aquestes condicions, la Llei, la moral, els bons costums o l&#8217;ordre p\u00fablic, o que de qualsevol altra manera puguin suposar lesi\u00f3 dels drets de tercers o del mateix funcionament del lloc web.<\/li>\n<\/ul>\n<p>3.&nbsp;<b>POL\u00cdTICA D&#8217;ENLLA\u00c7OS I EXEMPCIONS DE RESPONSABILITAT<\/b><\/p>\n<p>&nbsp;INSTAL JET TORELL\u00d3 SL no es fa responsable del contingut dels llocs web a qu\u00e8 l&#8217;usuari pugui accedir a trav\u00e9s dels enlla\u00e7os establerts al seu lloc web i declara que en cap cas procedir\u00e0 a examinar o exercitar cap tipus de control sobre el contingut d&#8217;altres llocs de la xarxa. Aix\u00ed mateix, tampoc garantir\u00e0 la disponibilitat t\u00e8cnica, exactitud, veracitat, validesa o legalitat de llocs aliens a la seva propietat a qu\u00e8 es pugui accedir per mitj\u00e0 dels enlla\u00e7os. INSTAL JET TORELL\u00d3 SLdeclara haver adoptat totes les mesures necess\u00e0ries per evitar qualsevol dany als usuaris del seu lloc web, que es puguin derivar de la navegaci\u00f3 pel seu lloc web. En conseq\u00fc\u00e8ncia, INSTAL JET TORELL\u00d3 SL no es fa responsable, en cap cas, dels danys eventuals que per la navegaci\u00f3 per Internet pogu\u00e9s patir l&#8217;usuari.<\/p>\n<p>4.&nbsp;<b>MODIFICACIONS<\/b><\/p>\n<p>&nbsp;INSTAL JET TORELL\u00d3 SL es reserva el dret a realitzar les modificacions que consideri oportunes, sense av\u00eds previ, al contingut del seu lloc web. Tant pel que fa als continguts del lloc web, com a les condicions d&#8217;\u00fas del mateix, oa les condicions generals de contractaci\u00f3. Aquestes modificacions podran realitzar-se a trav\u00e9s del seu lloc web per qualsevol forma admissible en dret i seran de compliment obligat durant el temps en qu\u00e8 es trobin publicades al web i fins que no siguin modificades v\u00e0lidament per altres de posteriors.<\/p>\n<p>5.&nbsp;<b>PROPIETAT INTEL\u00b7LECTUAL I INDUSTRIAL<\/b><\/p>\n<p>&nbsp;INSTAL JET TORELL\u00d3 SL per si mateixa o com a cession\u00e0ria, \u00e9s titular de tots els drets de propietat intel\u00b7lectual i industrial de la seva p\u00e0gina web, aix\u00ed com dels elements continguts a la mateixa (a t\u00edtol enunciatiu, imatges, so, \u00e0udio, v\u00eddeo, programari o textos, marques o logotips, combinacions de colors, estructura i disseny, selecci\u00f3 de materials usats, programes d&#8217;ordinador necessaris per al seu funcionament, acc\u00e9s i \u00fas, etc.), titularitat de INSTAL JET TORELL\u00d3 SL. Seran, per tant, obres protegides com a propietat intel\u00b7lectual per l&#8217;ordenament jur\u00eddic espanyol, i els seran aplicables tant la normativa espanyola i comunit\u00e0ria en aquest camp, com els tractats internacionals relatius a la mat\u00e8ria i subscrits per Espanya.<br>Tots els drets reservats. En virtut del que disposa la Llei de propietat intel\u00b7lectual, queden expressament prohibides la reproducci\u00f3, la distribuci\u00f3 i la comunicaci\u00f3 p\u00fablica, inclosa la seva modalitat de posada a disposici\u00f3, de la totalitat o part dels continguts d&#8217;aquesta p\u00e0gina web, amb fins comercials, en qualsevol suport i per qualsevol mitj\u00e0 t\u00e8cnic, sense lautoritzaci\u00f3 de INSTAL JET TORELL\u00d3 SL.<br>L&#8217;usuari es compromet a respectar els drets de propietat intel\u00b7lectual i industrial titularitat de INSTAL JET TORELL\u00d3 SL. Podreu visualitzar els elements del portal i fins i tot imprimir-los, copiar-los i emmagatzemar-los al disc dur del vostre ordinador o en qualsevol altre suport f\u00edsic sempre que sigui, \u00fanica i exclusivament, per al seu \u00fas personal i privat. L&#8217;usuari haur\u00e0 d&#8217;abstenir-se de suprimir, alterar, eludir o manipular qualsevol dispositiu de protecci\u00f3 o sistema de seguretat que estigu\u00e9s instal\u00b7lat a les p\u00e0gines de INSTAL JET TORELL\u00d3 SL.<\/p>\n<p>6.&nbsp;<b>ACCIONS LEGALS, LEGISLACI\u00d3 APLICABLE I JURISDICCI\u00d3<\/b><\/p>\n<p>&nbsp;INSTAL JET TORELL\u00d3 SL es reserva, aix\u00ed mateix, la facultat de presentar les accions civils o penals que consideri oportunes per la utilitzaci\u00f3 indeguda del lloc web i continguts, o per l&#8217;incompliment de les presents condicions.<br>La relaci\u00f3 entre l&#8217;usuari i el prestador es regir\u00e0 per la normativa vigent i aplicable al territori espanyol. Si sorgeix qualsevol controv\u00e8rsia, les parts poden sotmetre els seus conflictes a arbitratge o acudir a la jurisdicci\u00f3 ordin\u00e0ria complint amb les normes sobre jurisdicci\u00f3 i compet\u00e8ncia sobre aix\u00f2. INSTAL JET TORELL\u00d3 SL t\u00e9 el domicili a BARCELONA, Espanya.<br>Els contractes subscrits per via electr\u00f2nica en qu\u00e8 intervingui com a part un consumidor es presumiran subscrits al lloc on aquest tingui la seva resid\u00e8ncia habitual.<br>Els contractes electr\u00f2nics entre empresaris o professionals, en defecte de pacte entre les parts, es presumiran subscrits al lloc on estigui establert el prestador de serveis.<\/p>\n<p><b>POL\u00cdTICA DE PRIVACITAT XARXES SOCIALS<\/b><\/p>\n<p>De conformitat amb all\u00f2 establert a la normativa vigent i aplicable de protecci\u00f3 de dades de car\u00e0cter personal i la Llei 34\/2002, d&#8217;11 de juliol, de Serveis de la Societat de la Informaci\u00f3 i de Comer\u00e7 Electr\u00f2nic (LSSI-CE), INSTAL JET TORELL\u00d3 SL informa els usuaris, que ha creat un perfil a la Xarxa Social Facebook amb la finalitat principal de publicitar els seus productes i serveis.<\/p>\n<p>Dades de INSTAL JET TORELL\u00d3 SL:<\/p>\n<ul>\n<li>NIF: B60477692<\/li>\n<li>DIRECCI\u00d3: PLA\u00c7A COLL I DORCA 1 08570, TORELLO (BARCELONA)<\/li>\n<li>CORREU ELECTR\u00d2NIC: info@instaljet.com<\/li>\n<li>DOMINI WEB: www.instaljet.com<\/li>\n<\/ul>\n<p>L&#8217;usuari disposa d&#8217;un perfil a la mateixa Xarxa Social i ha decidit unir-se a la p\u00e0gina creada per INSTAL JET TORELL\u00d3 SL, mostrant aix\u00ed inter\u00e8s en la informaci\u00f3 que es publiciti a la Xarxa. En unir-se a la nostra p\u00e0gina, ens facilita el consentiment per al tractament d&#8217;aquelles dades personals publicades al vostre perfil.<br>L&#8217;usuari pot accedir en tot moment a les pol\u00edtiques de privadesa de la pr\u00f2pia Xarxa Social, aix\u00ed com configurar el seu perfil per garantir-ne la privadesa.<br>INSTAL JET TORELL\u00d3 SL t\u00e9 acc\u00e9s i tracta aquella informaci\u00f3 p\u00fablica de l&#8217;usuari, especialment el seu nom de contacte. Aquestes dades nom\u00e9s s\u00f3n utilitzades dins de la pr\u00f2pia Xarxa Social. No s\u00f3n incorporats a cap sistema de tractament.<\/p>\n<p><b>Drets dels interessats<\/b><\/p>\n<p>En relaci\u00f3 amb els drets d&#8217;acc\u00e9s, rectificaci\u00f3, limitaci\u00f3 de tractament, supressi\u00f3, portabilitat i oposici\u00f3 al tractament de les vostres dades de car\u00e0cter personal, de qu\u00e8 disposeu i que poden ser exercitats davant INSTAL JET TORELL\u00d3 SL, d&#8217;acord amb el RGPD, ha de tenir en compte els matisos seg\u00fcents:<\/p>\n<ul>\n<li><b>Dret d&#8217;acc\u00e9s:<\/b>&nbsp;\u00c9s el dret de l&#8217;usuari a obtenir informaci\u00f3 sobre les vostres dades concretes de car\u00e0cter personal i del tractament que s&#8217;hagi realitzat o realitzi, aix\u00ed com de la informaci\u00f3 disponible sobre l&#8217;origen d&#8217;aquestes dades i les comunicacions realitzades o previstes.<\/li>\n<li><b>Dret de Rectificaci\u00f3:<\/b> \u00c9s el dret de l&#8217;afectat que es modifiquin les dades que resultin ser inexactes o incompletes. Nom\u00e9s es podr\u00e0 satisfer en relaci\u00f3 amb aquella informaci\u00f3 que estigui sota el control de INSTAL JET TORELL\u00d3 SL, per exemple, eliminar comentaris publicats a la pr\u00f2pia p\u00e0gina, imatges o continguts web on constin dades de car\u00e0cter personal de l&#8217;usuari.<\/li>\n<li><b>Dret a la Limitaci\u00f3 de tractament:<\/b>&nbsp;\u00c9s el dret que es limitin les finalitats del tractament previstes de forma original pel responsable del tractament.<\/li>\n<li><b>Dret de Supressi\u00f3:<\/b>&nbsp;\u00c9s el dret a suprimir les dades de car\u00e0cter personal de l&#8217;usuari, a excepci\u00f3 del que preveu el mateix RGPD o altres normatives aplicables que determinin l&#8217;obligatorietat de la seva conservaci\u00f3, en temps i forma.<\/li>\n<li><b>Dret de portabilitat:<\/b>&nbsp;El dret a rebre les dades personals que l&#8217;usuari hagi facilitat, en un format estructurat, d&#8217;\u00fas com\u00fa i de lectura mec\u00e0nica, ia transmetre&#8217;ls a un altre responsable.<\/li>\n<li><b>Dret d&#8217;oposici\u00f3:<\/b> \u00c9s el dret de l&#8217;usuari al fet que no es dugui a terme el tractament de les seves dades de car\u00e0cter personal o se&#8217;n cessi el tractament per part de INSTAL JET TORELL\u00d3 SL.<\/li>\n<\/ul>\n<p>&nbsp;INSTAL JET TORELL\u00d3 SL realitzar\u00e0 les seg\u00fcents actuacions:<\/p>\n<ul>\n<li>Acc\u00e9s a la informaci\u00f3 p\u00fablica del perfil.<\/li>\n<li>Publicaci\u00f3 al perfil de l&#8217;usuari de tota aquella informaci\u00f3 ja publicada a la p\u00e0gina de INSTAL JET TORELL\u00d3 SL.<\/li>\n<li>Enviar missatges personals i individuals a trav\u00e9s dels canals de la Xarxa Social.<\/li>\n<li>Actualitzacions de l&#8217;estat de la p\u00e0gina que es publicaran al perfil de l&#8217;usuari.<\/li>\n<\/ul>\n<p>L&#8217;usuari sempre pot controlar les seves connexions, eliminar els continguts que deixin d&#8217;interessar-li i restringir amb qui comparteix les seves connexions, per aix\u00f2 haur\u00e0 d&#8217;accedir a la seva configuraci\u00f3 de privadesa.<\/p>\n<p><b>Publicacions<\/b><\/p>\n<p>L&#8217;usuari, un cop unit a la p\u00e0gina de INSTAL JET TORELL\u00d3 SL, podr\u00e0 publicar en aquesta darrera comentaris, enlla\u00e7os, imatges o fotografies o qualsevol altre tipus de contingut multim\u00e8dia suportat per la Xarxa Social. L&#8217;usuari, en tots els casos, n&#8217;ha de ser el titular, gaudir dels drets d&#8217;autor i de propietat intel\u00b7lectual o comptar amb el consentiment dels tercers afectats. Es prohibeix expressament qualsevol publicaci\u00f3 a la p\u00e0gina, ja siguin textos, gr\u00e0fics, fotografies, v\u00eddeos, etc. que atemptin o siguin susceptibles d&#8217;atemptar contra la moral, l&#8217;\u00e8tica, el bon gust o el dec\u00f2rum, i\/o que infringeixin, violin o trenquin els drets de propietat intel\u00b7lectual o industrial, el dret a la imatge o la Llei. En aquests casos , INSTAL JET TORELL\u00d3 SL es reserva el dret a retirar immediatament el contingut, podent sol\u00b7licitar el bloqueig permanent de l&#8217;usuari.<\/p>\n<p>INSTAL JET TORELL\u00d3 SL no es far\u00e0 responsable dels continguts que lliurement ha publicat un usuari.<\/p>\n<p>L&#8217;usuari ha de tenir present que les seves publicacions seran conegudes pels altres usuaris, per la qual cosa ell mateix \u00e9s el principal responsable de la seva privadesa.<\/p>\n<p>Les imatges que puguin publicar-se a la p\u00e0gina no seran emmagatzemades en cap sistema de tractament per part de INSTAL JET TORELL\u00d3 SL, per\u00f2 s\u00ed que romandran a la Xarxa Social.<\/p>\n<p><b>Concursos i promocions<\/b><\/p>\n<p>&nbsp;INSTAL JET TORELL\u00d3 SL es reserva el dret a realitzar concursos i promocions, en qu\u00e8 podr\u00e0 participar l&#8217;usuari unit a la seva p\u00e0gina. Les bases de cadascun d&#8217;ells, quan s&#8217;utilitzi la plataforma de la Xarxa Social, seran publicades en aquesta. Complint sempre amb la LSSI-CE i amb qualsevol altra norma que li sigui aplicable.<\/p>\n<p>La Xarxa Social no patrocina, avala ni administra, de cap manera, cap de les nostres promocions, ni est\u00e0 associada a cap.<\/p>\n<p><b>Publicitat<\/b><\/p>\n<p>&nbsp;INSTAL JET TORELL\u00d3 SL utilitzar\u00e0 la Xarxa Social per publicitar els seus productes i serveis, en tot cas, si decideix tractar les dades de contacte per realitzar accions directes de prospecci\u00f3 comercial, ser\u00e0 sempre, complint amb les exig\u00e8ncies legals del RGPD i de la LSSI-CE.<\/p>\n<p>No es considerar\u00e0 publicitat el fet de recomanar a altres usuaris la p\u00e0gina de INSTAL JET TORELL\u00d3 SL perqu\u00e8 tamb\u00e9 puguin gaudir de les promocions o estar informats de la seva activitat.<\/p>\n<p>A continuaci\u00f3 detallem l&#8217;enlla\u00e7 a la pol\u00edtica de privadesa de la Xarxa Social:<\/p>\n<ul>\n<li>Facebook: https:\/\/es-es.facebook.com\/privacy\/explanation<\/li>\n<\/ul>\n<p><b>\u00daLTIMA ACTUALITZACI\u00d3: 16 de gener de 2025<\/b><\/p>\t\t\t\t\t\t\t\t<\/div>\n\t\t\t\t<\/div>\n\t\t\t\t\t<\/div>\n\t\t\t\t<\/div>\n\t\t\t\t<\/div>","protected":false},"excerpt":{"rendered":"<p>1.&nbsp;DADES IDENTIFICATIVES En compliment de la Llei 34\/2002, de 11 de juliol, de Serveis de la Societat de la Informaci\u00f3 i de Comer\u00e7 Electr\u00f2nic (LSSI-CE), INSTAL JET TORELL\u00d3 SL informa que \u00e9s titular del lloc web. D&#8217;acord amb l&#8217;exig\u00e8ncia de l&#8217;article 10 de la Llei esmentada, INSTAL JET TORELL\u00d3 SL informa de les dades seg\u00fcents: [&hellip;]<\/p>","protected":false},"author":1,"featured_media":0,"parent":0,"menu_order":0,"comment_status":"closed","ping_status":"closed","template":"","meta":{"om_disable_all_campaigns":false,"_monsterinsights_skip_tracking":false,"_monsterinsights_sitenote_active":false,"_monsterinsights_sitenote_note":"","_monsterinsights_sitenote_category":0,"footnotes":""},"class_list":["post-166","page","type-page","status-publish","hentry"],"aioseo_notices":[],"_links":{"self":[{"href":"https:\/\/www.instaljet.com\/es\/wp-json\/wp\/v2\/pages\/166","targetHints":{"allow":["GET"]}}],"collection":[{"href":"https:\/\/www.instaljet.com\/es\/wp-json\/wp\/v2\/pages"}],"about":[{"href":"https:\/\/www.instaljet.com\/es\/wp-json\/wp\/v2\/types\/page"}],"author":[{"embeddable":true,"href":"https:\/\/www.instaljet.com\/es\/wp-json\/wp\/v2\/users\/1"}],"replies":[{"embeddable":true,"href":"https:\/\/www.instaljet.com\/es\/wp-json\/wp\/v2\/comments?post=166"}],"version-history":[{"count":10,"href":"https:\/\/www.instaljet.com\/es\/wp-json\/wp\/v2\/pages\/166\/revisions"}],"predecessor-version":[{"id":297,"href":"https:\/\/www.instaljet.com\/es\/wp-json\/wp\/v2\/pages\/166\/revisions\/297"}],"wp:attachment":[{"href":"https:\/\/www.instaljet.com\/es\/wp-json\/wp\/v2\/media?parent=166"}],"curies":[{"name":"wp","href":"https:\/\/api.w.org\/{rel}","templated":true}]}}