{"id":162,"date":"2025-01-07T12:20:28","date_gmt":"2025-01-07T11:20:28","guid":{"rendered":"https:\/\/instaljet.com\/?page_id=162"},"modified":"2025-01-22T16:26:39","modified_gmt":"2025-01-22T15:26:39","slug":"nosaltres","status":"publish","type":"page","link":"https:\/\/www.instaljet.com\/es\/nosaltres\/","title":{"rendered":"Nosotros"},"content":{"rendered":"<div data-elementor-type=\"wp-page\" data-elementor-id=\"162\" class=\"elementor elementor-162\">\n\t\t\t\t<div class=\"elementor-element elementor-element-269e64a e-flex e-con-boxed e-con e-parent\" data-id=\"269e64a\" data-element_type=\"container\">\n\t\t\t\t\t<div class=\"e-con-inner\">\n\t\t\t\t<div class=\"elementor-element elementor-element-374cd51 elementor-widget elementor-widget-text-editor\" data-id=\"374cd51\" data-element_type=\"widget\" data-widget_type=\"text-editor.default\">\n\t\t\t\t<div class=\"elementor-widget-container\">\n\t\t\t\t\t\t\t\t\t<h3 class=\"slogan colored-text-1 mb-10px\">M\u00e9s de 50 anys al vostre servei<\/h3><p class=\"middle-font-size colored-text-2 mb-20px\"><em>Estem especialitxats en calefacci\u00f3, climatitzaci\u00f3, energia solar i instal\u00b7lacions basats en l&#8217;estalvi energ\u00e8tic.<\/em><\/p><p align=\"justify\">Instal Jet Torell\u00f3 S.L., \u00e9s una empresa familiar que acumula un bagatge de m\u00e9s de 50 anys, i que est\u00e0 especialitzada en calefacci\u00f3, climatitzaci\u00f3 i energia solar, seguint una l\u00ednia de professionalitat, qualitat i bon preu. Dep\u00e8n de la demanda, tamb\u00e9 oferim serveis m\u00e9s espec\u00edfics com les instal\u00b7lacions industrials.<\/p><p><a name=\"serveis\"><\/a><\/p><h3 class=\"slogan colored-text-1 mb-10px\">Nuestros servicios<\/h3><ul class=\"list-nav arrow-list italic\"><li>Energ\u00eda solar t\u00e9rmica y fotovoltaica<\/li><li>Calefacci\u00f3 ( Som especialistes amb instal\u00b7lacions d&#8217;aerotermia i terra radiant )<\/li><li>Aigua sanit\u00e0ria<\/li><li>Climatitzaci\u00f3 dom\u00e8stica e industrial<\/li><li>Gas<\/li><li>Sistemes de regadiu<\/li><li>Aspiraci\u00f3 centralitzada<\/li><li>Climatitzaci\u00f3 de piscines<\/li><li>Instal\u00b7lacions d&#8217;energia geot\u00e8rmica<\/li><li>Instal\u00b7lacions de biomasa<\/li><\/ul><p><em>Ens trobareu a la Pla\u00e7a Coll i Dorca, 1 de Torell\u00f3.<\/em><\/p><div>\u00a0<\/div>\t\t\t\t\t\t\t\t<\/div>\n\t\t\t\t<\/div>\n\t\t\t\t\t<\/div>\n\t\t\t\t<\/div>\n\t\t<div class=\"elementor-element elementor-element-92ea622 e-flex e-con-boxed e-con e-parent\" data-id=\"92ea622\" data-element_type=\"container\">\n\t\t\t\t\t<div class=\"e-con-inner\">\n\t\t\t\t<div class=\"elementor-element elementor-element-f4d628d elementor-widget elementor-widget-google_maps\" data-id=\"f4d628d\" data-element_type=\"widget\" data-widget_type=\"google_maps.default\">\n\t\t\t\t<div class=\"elementor-widget-container\">\n\t\t\t\t\t\t\t<div class=\"elementor-custom-embed\">\n\t\t\t<iframe loading=\"lazy\"\n\t\t\t\t\tsrc=\"https:\/\/maps.google.com\/maps?q=joan%20fajeda%20torello&#038;t=m&#038;z=18&#038;output=embed&#038;iwloc=near\"\n\t\t\t\t\ttitle=\"joan fajeda torello\"\n\t\t\t\t\taria-label=\"joan fajeda torello\"\n\t\t\t><\/iframe>\n\t\t<\/div>\n\t\t\t\t\t\t<\/div>\n\t\t\t\t<\/div>\n\t\t\t\t\t<\/div>\n\t\t\t\t<\/div>\n\t\t\t\t<\/div>","protected":false},"excerpt":{"rendered":"<p>M\u00e9s de 50 anys al vostre servei Estem especialitxats en calefacci\u00f3, climatitzaci\u00f3, energia solar i instal\u00b7lacions basats en l&#8217;estalvi energ\u00e8tic. Instal Jet Torell\u00f3 S.L., \u00e9s una empresa familiar que acumula un bagatge de m\u00e9s de 50 anys, i que est\u00e0 especialitzada en calefacci\u00f3, climatitzaci\u00f3 i energia solar, seguint una l\u00ednia de professionalitat, qualitat i bon [&hellip;]<\/p>","protected":false},"author":1,"featured_media":0,"parent":0,"menu_order":0,"comment_status":"closed","ping_status":"closed","template":"","meta":{"om_disable_all_campaigns":false,"_monsterinsights_skip_tracking":false,"_monsterinsights_sitenote_active":false,"_monsterinsights_sitenote_note":"","_monsterinsights_sitenote_category":0,"footnotes":""},"class_list":["post-162","page","type-page","status-publish","hentry"],"aioseo_notices":[],"_links":{"self":[{"href":"https:\/\/www.instaljet.com\/es\/wp-json\/wp\/v2\/pages\/162","targetHints":{"allow":["GET"]}}],"collection":[{"href":"https:\/\/www.instaljet.com\/es\/wp-json\/wp\/v2\/pages"}],"about":[{"href":"https:\/\/www.instaljet.com\/es\/wp-json\/wp\/v2\/types\/page"}],"author":[{"embeddable":true,"href":"https:\/\/www.instaljet.com\/es\/wp-json\/wp\/v2\/users\/1"}],"replies":[{"embeddable":true,"href":"https:\/\/www.instaljet.com\/es\/wp-json\/wp\/v2\/comments?post=162"}],"version-history":[{"count":7,"href":"https:\/\/www.instaljet.com\/es\/wp-json\/wp\/v2\/pages\/162\/revisions"}],"predecessor-version":[{"id":294,"href":"https:\/\/www.instaljet.com\/es\/wp-json\/wp\/v2\/pages\/162\/revisions\/294"}],"wp:attachment":[{"href":"https:\/\/www.instaljet.com\/es\/wp-json\/wp\/v2\/media?parent=162"}],"curies":[{"name":"wp","href":"https:\/\/api.w.org\/{rel}","templated":true}]}}